{"id":2183,"date":"2018-08-11T17:32:22","date_gmt":"2018-08-11T15:32:22","guid":{"rendered":"https:\/\/glashuettebb.wpengine.com\/booking\/"},"modified":"2025-01-01T13:24:17","modified_gmt":"2025-01-01T12:24:17","slug":"booking","status":"publish","type":"page","link":"https:\/\/www.glashuette-bb.at\/en\/booking\/","title":{"rendered":"Book now"},"content":{"rendered":"<p><div id=\"buchen\" class=\"fusion-container-anchor\"><div class=\"fusion-fullwidth fullwidth-box fusion-builder-row-1 nonhundred-percent-fullwidth non-hundred-percent-height-scrolling\" style=\"--awb-border-radius-top-left:0px;--awb-border-radius-top-right:0px;--awb-border-radius-bottom-right:0px;--awb-border-radius-bottom-left:0px;--awb-flex-wrap:wrap;\" ><div class=\"fusion-builder-row fusion-row\"><div class=\"fusion-layout-column fusion_builder_column fusion-builder-column-0 fusion_builder_column_1_1 1_1 fusion-one-full fusion-column-first fusion-column-last\" style=\"--awb-padding-right:10px;--awb-padding-left:10px;--awb-bg-size:cover;--awb-margin-top:3%;--awb-margin-bottom:3%;\"><div class=\"fusion-column-wrapper fusion-flex-column-wrapper-legacy\"><div class=\"fusion-text fusion-text-1\"><h1 style=\"text-align: center;\">Online-Reservation<\/h1>\n<\/div><div class=\"fusion-clearfix\"><\/div><\/div><\/div><\/div><\/div><\/div><div class=\"fusion-fullwidth fullwidth-box fusion-builder-row-2 nonhundred-percent-fullwidth non-hundred-percent-height-scrolling\" style=\"--awb-border-radius-top-left:0px;--awb-border-radius-top-right:0px;--awb-border-radius-bottom-right:0px;--awb-border-radius-bottom-left:0px;--awb-flex-wrap:wrap;\" ><div class=\"fusion-builder-row fusion-row\"><div class=\"fusion-layout-column fusion_builder_column fusion-builder-column-1 fusion_builder_column_1_1 1_1 fusion-one-full fusion-column-first fusion-column-last\" style=\"--awb-bg-size:cover;\"><div class=\"fusion-column-wrapper fusion-flex-column-wrapper-legacy\"><div class=\"fusion-text fusion-text-2\"><p style=\"text-align: center;\">You book your stay using the form below.<br \/>\nYou can either pay directly on our website or at the check-in machine with <strong>credit- or debit cards<\/strong>.<br \/>\n<strong>Attention:<\/strong> When paying at the check-in machine, a PIN CODE is required for all cards.<br \/>\nNote that <strong>no cash payment<\/strong> is possible (no reception)!<\/p>\n<\/div><div class=\"fusion-image-element fusion-image-align-center in-legacy-container\" style=\"text-align:center;--awb-max-width:250px;--awb-caption-title-font-family:var(--h2_typography-font-family);--awb-caption-title-font-weight:var(--h2_typography-font-weight);--awb-caption-title-font-style:var(--h2_typography-font-style);--awb-caption-title-size:var(--h2_typography-font-size);--awb-caption-title-transform:var(--h2_typography-text-transform);--awb-caption-title-line-height:var(--h2_typography-line-height);--awb-caption-title-letter-spacing:var(--h2_typography-letter-spacing);\"><div class=\"imageframe-align-center\"><span class=\" fusion-imageframe imageframe-none imageframe-1 hover-type-none\"><img decoding=\"async\" width=\"500\" height=\"59\" title=\"icons_kreditkarten\" src=\"https:\/\/www.glashuette-bb.at\/wp-content\/uploads\/2019\/01\/icons_kreditkarten-1.png\" alt class=\"img-responsive wp-image-2443\" srcset=\"https:\/\/www.glashuette-bb.at\/wp-content\/uploads\/2019\/01\/icons_kreditkarten-1-200x24.png 200w, https:\/\/www.glashuette-bb.at\/wp-content\/uploads\/2019\/01\/icons_kreditkarten-1-400x47.png 400w, https:\/\/www.glashuette-bb.at\/wp-content\/uploads\/2019\/01\/icons_kreditkarten-1.png 500w\" sizes=\"(max-width: 800px) 100vw, 500px\" \/><\/span><\/div><\/div><div class=\"fusion-clearfix\"><\/div><\/div><\/div><\/div><\/div><div id=\"buchen\" class=\"fusion-container-anchor\"><div class=\"fusion-fullwidth fullwidth-box fusion-builder-row-3 hundred-percent-fullwidth non-hundred-percent-height-scrolling\" style=\"--awb-border-radius-top-left:0px;--awb-border-radius-top-right:0px;--awb-border-radius-bottom-right:0px;--awb-border-radius-bottom-left:0px;--awb-flex-wrap:wrap;\" ><div class=\"fusion-builder-row fusion-row\"><div class=\"fusion-layout-column fusion_builder_column fusion-builder-column-2 fusion_builder_column_1_1 1_1 fusion-one-full fusion-column-first fusion-column-last\" style=\"--awb-bg-size:cover;\"><div class=\"fusion-column-wrapper fusion-flex-column-wrapper-legacy\"><!-- Specific -->\n<div class=\"d21-roomList\" d21-widget-uuid=\"3cbd1633-efe5-4b38-a4a2-3b086534d10e\"><\/div><div class=\"fusion-clearfix\"><\/div><\/div><\/div><\/div><\/div><\/div><div class=\"fusion-fullwidth fullwidth-box fusion-builder-row-4 nonhundred-percent-fullwidth non-hundred-percent-height-scrolling\" style=\"--awb-border-radius-top-left:0px;--awb-border-radius-top-right:0px;--awb-border-radius-bottom-right:0px;--awb-border-radius-bottom-left:0px;--awb-padding-bottom:50px;--awb-flex-wrap:wrap;\" ><div class=\"fusion-builder-row fusion-row\"><div class=\"fusion-layout-column fusion_builder_column fusion-builder-column-3 fusion_builder_column_1_1 1_1 fusion-one-full fusion-column-first fusion-column-last\" style=\"--awb-bg-size:cover;\"><div class=\"fusion-column-wrapper fusion-flex-column-wrapper-legacy\"><div class=\"fusion-text fusion-text-3\"><p style=\"text-align: center;\"><span lang=\"EN-GB\">Please be advised of our <a href=\"https:\/\/www.glashuette-bb.at\/en\/stornobedingungen\/\">cancellation terms and conditions<\/a>.<\/span><\/p>\n<\/div><div class=\"fusion-clearfix\"><\/div><\/div><\/div><\/div><\/div><\/p>\n","protected":false},"excerpt":{"rendered":"","protected":false},"author":1,"featured_media":0,"parent":0,"menu_order":50,"comment_status":"closed","ping_status":"closed","template":"100-width.php","meta":{"footnotes":""},"class_list":["post-2183","page","type-page","status-publish","hentry"],"yoast_head":"<!-- This site is optimized with the Yoast SEO plugin v27.3 - https:\/\/yoast.com\/product\/yoast-seo-wordpress\/ -->\n<title>Online-reservation: book now | Glash\u00fctte St\u00f6lzle B\u00e4rnbach<\/title>\n<meta name=\"description\" content=\"Online reservation for your room at Glash\u00fctte Bed+Breakfast in B\u00e4rnbach.\" \/>\n<meta name=\"robots\" content=\"noindex, follow, max-snippet:-1, max-image-preview:large, max-video-preview:-1\" \/>\n<meta property=\"og:locale\" content=\"en_US\" \/>\n<meta property=\"og:type\" content=\"article\" \/>\n<meta property=\"og:title\" content=\"Online-reservation: book now | Glash\u00fctte St\u00f6lzle B\u00e4rnbach\" \/>\n<meta property=\"og:description\" content=\"Online reservation for your room at Glash\u00fctte Bed+Breakfast in B\u00e4rnbach.\" \/>\n<meta property=\"og:url\" content=\"https:\/\/www.glashuette-bb.at\/en\/booking\/\" \/>\n<meta property=\"og:site_name\" content=\"Stoelzle Bed+Breakfast\" \/>\n<meta property=\"article:modified_time\" content=\"2025-01-01T12:24:17+00:00\" \/>\n<meta name=\"twitter:card\" content=\"summary_large_image\" \/>\n<meta name=\"twitter:label1\" content=\"Est. reading time\" \/>\n\t<meta name=\"twitter:data1\" content=\"1 minute\" \/>\n<script type=\"application\/ld+json\" class=\"yoast-schema-graph\">{\"@context\":\"https:\\\/\\\/schema.org\",\"@graph\":[{\"@type\":\"WebPage\",\"@id\":\"https:\\\/\\\/www.glashuette-bb.at\\\/en\\\/booking\\\/\",\"url\":\"https:\\\/\\\/www.glashuette-bb.at\\\/en\\\/booking\\\/\",\"name\":\"Online-reservation: book now | Glash\u00fctte St\u00f6lzle B\u00e4rnbach\",\"isPartOf\":{\"@id\":\"https:\\\/\\\/www.glashuette-bb.at\\\/#website\"},\"datePublished\":\"2018-08-11T15:32:22+00:00\",\"dateModified\":\"2025-01-01T12:24:17+00:00\",\"description\":\"Online reservation for your room at Glash\u00fctte Bed+Breakfast in B\u00e4rnbach.\",\"breadcrumb\":{\"@id\":\"https:\\\/\\\/www.glashuette-bb.at\\\/en\\\/booking\\\/#breadcrumb\"},\"inLanguage\":\"en-US\",\"potentialAction\":[{\"@type\":\"ReadAction\",\"target\":[\"https:\\\/\\\/www.glashuette-bb.at\\\/en\\\/booking\\\/\"]}]},{\"@type\":\"BreadcrumbList\",\"@id\":\"https:\\\/\\\/www.glashuette-bb.at\\\/en\\\/booking\\\/#breadcrumb\",\"itemListElement\":[{\"@type\":\"ListItem\",\"position\":1,\"name\":\"Startseite\",\"item\":\"https:\\\/\\\/www.glashuette-bb.at\\\/en\\\/\"},{\"@type\":\"ListItem\",\"position\":2,\"name\":\"Book now\"}]},{\"@type\":\"WebSite\",\"@id\":\"https:\\\/\\\/www.glashuette-bb.at\\\/#website\",\"url\":\"https:\\\/\\\/www.glashuette-bb.at\\\/\",\"name\":\"Stoelzle Bed+Breakfast\",\"description\":\"Glasklare Tr\u00e4ume\",\"publisher\":{\"@id\":\"https:\\\/\\\/www.glashuette-bb.at\\\/#organization\"},\"potentialAction\":[{\"@type\":\"SearchAction\",\"target\":{\"@type\":\"EntryPoint\",\"urlTemplate\":\"https:\\\/\\\/www.glashuette-bb.at\\\/?s={search_term_string}\"},\"query-input\":{\"@type\":\"PropertyValueSpecification\",\"valueRequired\":true,\"valueName\":\"search_term_string\"}}],\"inLanguage\":\"en-US\"},{\"@type\":\"Organization\",\"@id\":\"https:\\\/\\\/www.glashuette-bb.at\\\/#organization\",\"name\":\"Glash\u00fctte Bed+Breakfast\",\"url\":\"https:\\\/\\\/www.glashuette-bb.at\\\/\",\"logo\":{\"@type\":\"ImageObject\",\"inLanguage\":\"en-US\",\"@id\":\"https:\\\/\\\/www.glashuette-bb.at\\\/#\\\/schema\\\/logo\\\/image\\\/\",\"url\":\"https:\\\/\\\/www.glashuette-bb.at\\\/wp-content\\\/uploads\\\/2018\\\/06\\\/logo_120.png\",\"contentUrl\":\"https:\\\/\\\/www.glashuette-bb.at\\\/wp-content\\\/uploads\\\/2018\\\/06\\\/logo_120.png\",\"width\":120,\"height\":189,\"caption\":\"Glash\u00fctte Bed+Breakfast\"},\"image\":{\"@id\":\"https:\\\/\\\/www.glashuette-bb.at\\\/#\\\/schema\\\/logo\\\/image\\\/\"}}]}<\/script>\n<!-- \/ Yoast SEO plugin. -->","yoast_head_json":{"title":"Online-reservation: book now | Glash\u00fctte St\u00f6lzle B\u00e4rnbach","description":"Online reservation for your room at Glash\u00fctte Bed+Breakfast in B\u00e4rnbach.","robots":{"index":"noindex","follow":"follow","max-snippet":"max-snippet:-1","max-image-preview":"max-image-preview:large","max-video-preview":"max-video-preview:-1"},"og_locale":"en_US","og_type":"article","og_title":"Online-reservation: book now | Glash\u00fctte St\u00f6lzle B\u00e4rnbach","og_description":"Online reservation for your room at Glash\u00fctte Bed+Breakfast in B\u00e4rnbach.","og_url":"https:\/\/www.glashuette-bb.at\/en\/booking\/","og_site_name":"Stoelzle Bed+Breakfast","article_modified_time":"2025-01-01T12:24:17+00:00","twitter_card":"summary_large_image","twitter_misc":{"Est. reading time":"1 minute"},"schema":{"@context":"https:\/\/schema.org","@graph":[{"@type":"WebPage","@id":"https:\/\/www.glashuette-bb.at\/en\/booking\/","url":"https:\/\/www.glashuette-bb.at\/en\/booking\/","name":"Online-reservation: book now | Glash\u00fctte St\u00f6lzle B\u00e4rnbach","isPartOf":{"@id":"https:\/\/www.glashuette-bb.at\/#website"},"datePublished":"2018-08-11T15:32:22+00:00","dateModified":"2025-01-01T12:24:17+00:00","description":"Online reservation for your room at Glash\u00fctte Bed+Breakfast in B\u00e4rnbach.","breadcrumb":{"@id":"https:\/\/www.glashuette-bb.at\/en\/booking\/#breadcrumb"},"inLanguage":"en-US","potentialAction":[{"@type":"ReadAction","target":["https:\/\/www.glashuette-bb.at\/en\/booking\/"]}]},{"@type":"BreadcrumbList","@id":"https:\/\/www.glashuette-bb.at\/en\/booking\/#breadcrumb","itemListElement":[{"@type":"ListItem","position":1,"name":"Startseite","item":"https:\/\/www.glashuette-bb.at\/en\/"},{"@type":"ListItem","position":2,"name":"Book now"}]},{"@type":"WebSite","@id":"https:\/\/www.glashuette-bb.at\/#website","url":"https:\/\/www.glashuette-bb.at\/","name":"Stoelzle Bed+Breakfast","description":"Glasklare Tr\u00e4ume","publisher":{"@id":"https:\/\/www.glashuette-bb.at\/#organization"},"potentialAction":[{"@type":"SearchAction","target":{"@type":"EntryPoint","urlTemplate":"https:\/\/www.glashuette-bb.at\/?s={search_term_string}"},"query-input":{"@type":"PropertyValueSpecification","valueRequired":true,"valueName":"search_term_string"}}],"inLanguage":"en-US"},{"@type":"Organization","@id":"https:\/\/www.glashuette-bb.at\/#organization","name":"Glash\u00fctte Bed+Breakfast","url":"https:\/\/www.glashuette-bb.at\/","logo":{"@type":"ImageObject","inLanguage":"en-US","@id":"https:\/\/www.glashuette-bb.at\/#\/schema\/logo\/image\/","url":"https:\/\/www.glashuette-bb.at\/wp-content\/uploads\/2018\/06\/logo_120.png","contentUrl":"https:\/\/www.glashuette-bb.at\/wp-content\/uploads\/2018\/06\/logo_120.png","width":120,"height":189,"caption":"Glash\u00fctte Bed+Breakfast"},"image":{"@id":"https:\/\/www.glashuette-bb.at\/#\/schema\/logo\/image\/"}}]}},"_links":{"self":[{"href":"https:\/\/www.glashuette-bb.at\/en\/wp-json\/wp\/v2\/pages\/2183","targetHints":{"allow":["GET"]}}],"collection":[{"href":"https:\/\/www.glashuette-bb.at\/en\/wp-json\/wp\/v2\/pages"}],"about":[{"href":"https:\/\/www.glashuette-bb.at\/en\/wp-json\/wp\/v2\/types\/page"}],"author":[{"embeddable":true,"href":"https:\/\/www.glashuette-bb.at\/en\/wp-json\/wp\/v2\/users\/1"}],"replies":[{"embeddable":true,"href":"https:\/\/www.glashuette-bb.at\/en\/wp-json\/wp\/v2\/comments?post=2183"}],"version-history":[{"count":0,"href":"https:\/\/www.glashuette-bb.at\/en\/wp-json\/wp\/v2\/pages\/2183\/revisions"}],"wp:attachment":[{"href":"https:\/\/www.glashuette-bb.at\/en\/wp-json\/wp\/v2\/media?parent=2183"}],"curies":[{"name":"wp","href":"https:\/\/api.w.org\/{rel}","templated":true}]}}