{"id":2200,"date":"2018-09-06T10:28:48","date_gmt":"2018-09-06T08:28:48","guid":{"rendered":"https:\/\/glashuettebb.wpengine.com\/stornobedingungen\/"},"modified":"2022-04-02T18:06:49","modified_gmt":"2022-04-02T16:06:49","slug":"stornobedingungen","status":"publish","type":"page","link":"https:\/\/www.glashuette-bb.at\/en\/stornobedingungen\/","title":{"rendered":"Cancellations"},"content":{"rendered":"<p><div class=\"fusion-fullwidth fullwidth-box fusion-builder-row-1 nonhundred-percent-fullwidth non-hundred-percent-height-scrolling\" style=\"--awb-border-radius-top-left:0px;--awb-border-radius-top-right:0px;--awb-border-radius-bottom-right:0px;--awb-border-radius-bottom-left:0px;--awb-flex-wrap:wrap;\" ><div class=\"fusion-builder-row fusion-row\"><div class=\"fusion-layout-column fusion_builder_column fusion-builder-column-0 fusion_builder_column_1_6 1_6 fusion-one-sixth fusion-column-first\" style=\"--awb-bg-size:cover;width:16.6666666667%;width:calc(16.6666666667% - ( ( 4% + 4% ) * 0.166666666667 ) );margin-right: 4%;\"><div class=\"fusion-column-wrapper fusion-flex-column-wrapper-legacy\"><div class=\"fusion-clearfix\"><\/div><\/div><\/div><div class=\"fusion-layout-column fusion_builder_column fusion-builder-column-1 fusion_builder_column_2_3 2_3 fusion-two-third\" style=\"--awb-bg-size:cover;width:66.6666666667%;width:calc(66.6666666667% - ( ( 4% + 4% ) * 0.666666666667 ) );margin-right: 4%;\"><div class=\"fusion-column-wrapper fusion-flex-column-wrapper-legacy\"><div class=\"fusion-title title fusion-title-1 fusion-sep-none fusion-title-center fusion-title-text fusion-title-size-one\"><h1 class=\"fusion-title-heading title-heading-center fusion-responsive-typography-calculated\" style=\"margin:0;--fontSize:50;line-height:1.3;\"><h1>Cancellations<\/h1><\/h1><\/div><div class=\"fusion-text fusion-text-1\"><p>If you can no longer make your reservation, please be advised of our cancellation terms and conditions. All information relates to the total price.<\/p>\n<p>Up to 10 days before date of travel: 25 %<br \/>\nUp to 3 days before date of travel: 50 %<\/p>\n<p>For cancellations, please send an email containing your booking number to <a href=\"mailto:office@glashuettebb.wpengine.com\">office@glashuettebb.wpengine.com<\/a><\/p>\n<\/div><div class=\"fusion-clearfix\"><\/div><\/div><\/div><div class=\"fusion-layout-column fusion_builder_column fusion-builder-column-2 fusion_builder_column_1_6 1_6 fusion-one-sixth fusion-column-last\" style=\"--awb-bg-size:cover;width:16.6666666667%;width:calc(16.6666666667% - ( ( 4% + 4% ) * 0.166666666667 ) );\"><div class=\"fusion-column-wrapper fusion-flex-column-wrapper-legacy\"><div class=\"fusion-clearfix\"><\/div><\/div><\/div><\/div><\/div><div class=\"fusion-fullwidth fullwidth-box fusion-builder-row-2 nonhundred-percent-fullwidth non-hundred-percent-height-scrolling\" style=\"--awb-border-radius-top-left:0px;--awb-border-radius-top-right:0px;--awb-border-radius-bottom-right:0px;--awb-border-radius-bottom-left:0px;--awb-flex-wrap:wrap;\" ><div class=\"fusion-builder-row fusion-row\"><div class=\"fusion-layout-column fusion_builder_column fusion-builder-column-3 fusion_builder_column_1_1 1_1 fusion-one-full fusion-column-first fusion-column-last\" style=\"--awb-bg-size:cover;\"><div class=\"fusion-column-wrapper fusion-flex-column-wrapper-legacy\"><div class=\"fusion-sep-clear\"><\/div><div class=\"fusion-separator fusion-full-width-sep\" style=\"margin-left: auto;margin-right: auto;margin-top:150px;width:100%;\"><\/div><div class=\"fusion-sep-clear\"><\/div><div class=\"fusion-clearfix\"><\/div><\/div><\/div><\/div><\/div><\/p>\n","protected":false},"excerpt":{"rendered":"","protected":false},"author":1,"featured_media":0,"parent":0,"menu_order":102,"comment_status":"closed","ping_status":"closed","template":"100-width.php","meta":{"footnotes":""},"class_list":["post-2200","page","type-page","status-publish","hentry"],"yoast_head":"<!-- This site is optimized with the Yoast SEO plugin v27.4 - https:\/\/yoast.com\/product\/yoast-seo-wordpress\/ -->\n<title>Cancellations | Glash\u00fctte St\u00f6lzle B\u00e4rnbach<\/title>\n<meta name=\"description\" content=\"Sollten Ihnen die Anreise zu Ihrem Buchungstermin nicht m\u00f6glich sein, beachten Sie bitte unsere Stornobedingungen des Bed+Breakfast B\u00e4rnbach.\" \/>\n<meta name=\"robots\" content=\"noindex, follow\" \/>\n<meta property=\"og:locale\" content=\"en_US\" \/>\n<meta property=\"og:type\" content=\"article\" \/>\n<meta property=\"og:title\" content=\"Cancellations | Glash\u00fctte St\u00f6lzle B\u00e4rnbach\" \/>\n<meta property=\"og:description\" content=\"Sollten Ihnen die Anreise zu Ihrem Buchungstermin nicht m\u00f6glich sein, beachten Sie bitte unsere Stornobedingungen des Bed+Breakfast B\u00e4rnbach.\" \/>\n<meta property=\"og:url\" content=\"https:\/\/www.glashuette-bb.at\/en\/stornobedingungen\/\" \/>\n<meta property=\"og:site_name\" content=\"Stoelzle Bed+Breakfast\" \/>\n<meta property=\"article:modified_time\" content=\"2022-04-02T16:06:49+00:00\" \/>\n<meta name=\"twitter:card\" content=\"summary_large_image\" \/>\n<meta name=\"twitter:label1\" content=\"Est. reading time\" \/>\n\t<meta name=\"twitter:data1\" content=\"2 minutes\" \/>\n<script type=\"application\/ld+json\" class=\"yoast-schema-graph\">{\"@context\":\"https:\\\/\\\/schema.org\",\"@graph\":[{\"@type\":\"WebPage\",\"@id\":\"https:\\\/\\\/www.glashuette-bb.at\\\/en\\\/stornobedingungen\\\/\",\"url\":\"https:\\\/\\\/www.glashuette-bb.at\\\/en\\\/stornobedingungen\\\/\",\"name\":\"Cancellations | Glash\u00fctte St\u00f6lzle B\u00e4rnbach\",\"isPartOf\":{\"@id\":\"https:\\\/\\\/www.glashuette-bb.at\\\/#website\"},\"datePublished\":\"2018-09-06T08:28:48+00:00\",\"dateModified\":\"2022-04-02T16:06:49+00:00\",\"description\":\"Sollten Ihnen die Anreise zu Ihrem Buchungstermin nicht m\u00f6glich sein, beachten Sie bitte unsere Stornobedingungen des Bed+Breakfast B\u00e4rnbach.\",\"breadcrumb\":{\"@id\":\"https:\\\/\\\/www.glashuette-bb.at\\\/en\\\/stornobedingungen\\\/#breadcrumb\"},\"inLanguage\":\"en-US\",\"potentialAction\":[{\"@type\":\"ReadAction\",\"target\":[\"https:\\\/\\\/www.glashuette-bb.at\\\/en\\\/stornobedingungen\\\/\"]}]},{\"@type\":\"BreadcrumbList\",\"@id\":\"https:\\\/\\\/www.glashuette-bb.at\\\/en\\\/stornobedingungen\\\/#breadcrumb\",\"itemListElement\":[{\"@type\":\"ListItem\",\"position\":1,\"name\":\"Startseite\",\"item\":\"https:\\\/\\\/www.glashuette-bb.at\\\/en\\\/\"},{\"@type\":\"ListItem\",\"position\":2,\"name\":\"Cancellations\"}]},{\"@type\":\"WebSite\",\"@id\":\"https:\\\/\\\/www.glashuette-bb.at\\\/#website\",\"url\":\"https:\\\/\\\/www.glashuette-bb.at\\\/\",\"name\":\"Stoelzle Bed+Breakfast\",\"description\":\"Glasklare Tr\u00e4ume\",\"publisher\":{\"@id\":\"https:\\\/\\\/www.glashuette-bb.at\\\/#organization\"},\"potentialAction\":[{\"@type\":\"SearchAction\",\"target\":{\"@type\":\"EntryPoint\",\"urlTemplate\":\"https:\\\/\\\/www.glashuette-bb.at\\\/?s={search_term_string}\"},\"query-input\":{\"@type\":\"PropertyValueSpecification\",\"valueRequired\":true,\"valueName\":\"search_term_string\"}}],\"inLanguage\":\"en-US\"},{\"@type\":\"Organization\",\"@id\":\"https:\\\/\\\/www.glashuette-bb.at\\\/#organization\",\"name\":\"Glash\u00fctte Bed+Breakfast\",\"url\":\"https:\\\/\\\/www.glashuette-bb.at\\\/\",\"logo\":{\"@type\":\"ImageObject\",\"inLanguage\":\"en-US\",\"@id\":\"https:\\\/\\\/www.glashuette-bb.at\\\/#\\\/schema\\\/logo\\\/image\\\/\",\"url\":\"https:\\\/\\\/www.glashuette-bb.at\\\/wp-content\\\/uploads\\\/2018\\\/06\\\/logo_120.png\",\"contentUrl\":\"https:\\\/\\\/www.glashuette-bb.at\\\/wp-content\\\/uploads\\\/2018\\\/06\\\/logo_120.png\",\"width\":120,\"height\":189,\"caption\":\"Glash\u00fctte Bed+Breakfast\"},\"image\":{\"@id\":\"https:\\\/\\\/www.glashuette-bb.at\\\/#\\\/schema\\\/logo\\\/image\\\/\"}}]}<\/script>\n<!-- \/ Yoast SEO plugin. -->","yoast_head_json":{"title":"Cancellations | Glash\u00fctte St\u00f6lzle B\u00e4rnbach","description":"Sollten Ihnen die Anreise zu Ihrem Buchungstermin nicht m\u00f6glich sein, beachten Sie bitte unsere Stornobedingungen des Bed+Breakfast B\u00e4rnbach.","robots":{"index":"noindex","follow":"follow"},"og_locale":"en_US","og_type":"article","og_title":"Cancellations | Glash\u00fctte St\u00f6lzle B\u00e4rnbach","og_description":"Sollten Ihnen die Anreise zu Ihrem Buchungstermin nicht m\u00f6glich sein, beachten Sie bitte unsere Stornobedingungen des Bed+Breakfast B\u00e4rnbach.","og_url":"https:\/\/www.glashuette-bb.at\/en\/stornobedingungen\/","og_site_name":"Stoelzle Bed+Breakfast","article_modified_time":"2022-04-02T16:06:49+00:00","twitter_card":"summary_large_image","twitter_misc":{"Est. reading time":"2 minutes"},"schema":{"@context":"https:\/\/schema.org","@graph":[{"@type":"WebPage","@id":"https:\/\/www.glashuette-bb.at\/en\/stornobedingungen\/","url":"https:\/\/www.glashuette-bb.at\/en\/stornobedingungen\/","name":"Cancellations | Glash\u00fctte St\u00f6lzle B\u00e4rnbach","isPartOf":{"@id":"https:\/\/www.glashuette-bb.at\/#website"},"datePublished":"2018-09-06T08:28:48+00:00","dateModified":"2022-04-02T16:06:49+00:00","description":"Sollten Ihnen die Anreise zu Ihrem Buchungstermin nicht m\u00f6glich sein, beachten Sie bitte unsere Stornobedingungen des Bed+Breakfast B\u00e4rnbach.","breadcrumb":{"@id":"https:\/\/www.glashuette-bb.at\/en\/stornobedingungen\/#breadcrumb"},"inLanguage":"en-US","potentialAction":[{"@type":"ReadAction","target":["https:\/\/www.glashuette-bb.at\/en\/stornobedingungen\/"]}]},{"@type":"BreadcrumbList","@id":"https:\/\/www.glashuette-bb.at\/en\/stornobedingungen\/#breadcrumb","itemListElement":[{"@type":"ListItem","position":1,"name":"Startseite","item":"https:\/\/www.glashuette-bb.at\/en\/"},{"@type":"ListItem","position":2,"name":"Cancellations"}]},{"@type":"WebSite","@id":"https:\/\/www.glashuette-bb.at\/#website","url":"https:\/\/www.glashuette-bb.at\/","name":"Stoelzle Bed+Breakfast","description":"Glasklare Tr\u00e4ume","publisher":{"@id":"https:\/\/www.glashuette-bb.at\/#organization"},"potentialAction":[{"@type":"SearchAction","target":{"@type":"EntryPoint","urlTemplate":"https:\/\/www.glashuette-bb.at\/?s={search_term_string}"},"query-input":{"@type":"PropertyValueSpecification","valueRequired":true,"valueName":"search_term_string"}}],"inLanguage":"en-US"},{"@type":"Organization","@id":"https:\/\/www.glashuette-bb.at\/#organization","name":"Glash\u00fctte Bed+Breakfast","url":"https:\/\/www.glashuette-bb.at\/","logo":{"@type":"ImageObject","inLanguage":"en-US","@id":"https:\/\/www.glashuette-bb.at\/#\/schema\/logo\/image\/","url":"https:\/\/www.glashuette-bb.at\/wp-content\/uploads\/2018\/06\/logo_120.png","contentUrl":"https:\/\/www.glashuette-bb.at\/wp-content\/uploads\/2018\/06\/logo_120.png","width":120,"height":189,"caption":"Glash\u00fctte Bed+Breakfast"},"image":{"@id":"https:\/\/www.glashuette-bb.at\/#\/schema\/logo\/image\/"}}]}},"_links":{"self":[{"href":"https:\/\/www.glashuette-bb.at\/en\/wp-json\/wp\/v2\/pages\/2200","targetHints":{"allow":["GET"]}}],"collection":[{"href":"https:\/\/www.glashuette-bb.at\/en\/wp-json\/wp\/v2\/pages"}],"about":[{"href":"https:\/\/www.glashuette-bb.at\/en\/wp-json\/wp\/v2\/types\/page"}],"author":[{"embeddable":true,"href":"https:\/\/www.glashuette-bb.at\/en\/wp-json\/wp\/v2\/users\/1"}],"replies":[{"embeddable":true,"href":"https:\/\/www.glashuette-bb.at\/en\/wp-json\/wp\/v2\/comments?post=2200"}],"version-history":[{"count":0,"href":"https:\/\/www.glashuette-bb.at\/en\/wp-json\/wp\/v2\/pages\/2200\/revisions"}],"wp:attachment":[{"href":"https:\/\/www.glashuette-bb.at\/en\/wp-json\/wp\/v2\/media?parent=2200"}],"curies":[{"name":"wp","href":"https:\/\/api.w.org\/{rel}","templated":true}]}}