{"id":2236,"date":"2018-09-06T10:32:08","date_gmt":"2018-09-06T08:32:08","guid":{"rendered":"https:\/\/glashuettebb.wpengine.com\/impressum\/"},"modified":"2024-07-26T15:54:13","modified_gmt":"2024-07-26T13:54:13","slug":"legal-notice","status":"publish","type":"page","link":"https:\/\/www.glashuette-bb.at\/en\/legal-notice\/","title":{"rendered":"Legal notice"},"content":{"rendered":"<p><div class=\"fusion-fullwidth fullwidth-box fusion-builder-row-1 nonhundred-percent-fullwidth non-hundred-percent-height-scrolling\" style=\"--awb-border-radius-top-left:0px;--awb-border-radius-top-right:0px;--awb-border-radius-bottom-right:0px;--awb-border-radius-bottom-left:0px;--awb-flex-wrap:wrap;\" ><div class=\"fusion-builder-row fusion-row\"><div class=\"fusion-layout-column fusion_builder_column fusion-builder-column-0 fusion_builder_column_1_1 1_1 fusion-one-full fusion-column-first fusion-column-last\" style=\"--awb-bg-size:cover;\"><div class=\"fusion-column-wrapper fusion-flex-column-wrapper-legacy\"><div class=\"fusion-title title fusion-title-1 fusion-sep-none fusion-title-center fusion-title-text fusion-title-size-one\"><h1 class=\"fusion-title-heading title-heading-center fusion-responsive-typography-calculated\" style=\"margin:0;--fontSize:50;line-height:1.3;\"><h1>Legal notice<\/h1><\/h1><\/div><div class=\"fusion-clearfix\"><\/div><\/div><\/div><\/div><\/div><div class=\"fusion-fullwidth fullwidth-box fusion-builder-row-2 nonhundred-percent-fullwidth non-hundred-percent-height-scrolling\" style=\"--awb-border-radius-top-left:0px;--awb-border-radius-top-right:0px;--awb-border-radius-bottom-right:0px;--awb-border-radius-bottom-left:0px;--awb-flex-wrap:wrap;\" ><div class=\"fusion-builder-row fusion-row\"><div class=\"fusion-layout-column fusion_builder_column fusion-builder-column-1 fusion_builder_column_1_2 1_2 fusion-one-half fusion-column-first\" style=\"--awb-bg-size:cover;width:50%;width:calc(50% - ( ( 4% ) * 0.5 ) );margin-right: 4%;\"><div class=\"fusion-column-wrapper fusion-flex-column-wrapper-legacy\"><div class=\"fusion-text fusion-text-1\"><p><strong>St\u00f6lzle-Oberglas GmbH<\/strong><br \/>\nHochtregisterstra\u00dfe 1<br \/>\nA-8572 B\u00e4rnbach<br \/>\nPhone: +43 (0)3142 \/ 61500<br \/>\nEmail: <a href=\"mailto:office@glashuette-bb.at\">office@glashuette-bb.at<\/a><\/p>\n<p><span class=\"Apple-converted-space\"><strong>Management Bed+Breakfast<\/strong><br \/>\n<\/span>DI(FH) Markus Poppe<\/p>\n<p><strong>Bank name<br \/>\n<\/strong>Erste Bank<br \/>\nIBAN: AT58 2010 0285 1915 8907<br \/>\nBIC: GIBAATWGXXX<\/p>\n<p>VAT ID.: ATU14980706<br \/>\nCompany register ID: FN 63600 f<br \/>\nCompany register Court: Regional Court of Graz for Civil Matters<\/p>\n<p><strong>Download<\/strong><br \/>\n<a href=\"https:\/\/www.glashuette-bb.at\/agb.pdf\" target=\"_blank\" rel=\"noopener\">General terms and conditions<\/a><\/p>\n<p><strong>Disclaimer<\/strong><br \/>\nSt\u00f6lzle-Oberglas GmbH aims to keep the published information up to date and correct, but shall not assume any responsibility or liability for the topicality, correctness and completeness of the contents. St\u00f6lzle-Oberglas GmbH may therefore not be held liable for any damages resulting from the use of the content.<\/p>\n<\/div><div class=\"fusion-clearfix\"><\/div><\/div><\/div><div class=\"fusion-layout-column fusion_builder_column fusion-builder-column-2 fusion_builder_column_1_2 1_2 fusion-one-half fusion-column-last\" style=\"--awb-bg-size:cover;width:50%;width:calc(50% - ( ( 4% ) * 0.5 ) );\"><div class=\"fusion-column-wrapper fusion-flex-column-wrapper-legacy\"><div class=\"fusion-text fusion-text-2\"><p><strong>Links to external websites<\/strong><br \/>\nThis website contains links to external websites on whose contents we have no influence. We can therefore not assume any warranty for these external contents. The respective supplier or operator of the websites is always responsible for the contents of the linked websites. The information published there also do not reflect the opinion of St\u00f6lzle-Oberglas GmbH.<\/p>\n<p><strong>Copyright<\/strong><br \/>\nCopyright \u00a9 2018 by St\u00f6lzle-Oberglas GmbH. All rights reserved. The contents of this website are protected by copyright law. The content of this website may not be reproduced in any form, processed using electronic systems, duplicated or distributed without prior written permission by St\u00f6lzle-Oberglas GmbH.<\/p>\n<p><strong>Photocredits<\/strong><br \/>\n<a href=\"https:\/\/www.dieabbilderei.at\" target=\"_blank\" rel=\"noopener\">Die Abbilderei<\/a>, Bramauer Branding, Adobe Stock, St\u00f6lzle Archiv<\/p>\n<p><strong>Concept, Design and Implementation<\/strong><br \/>\nBramauer Branding, \u2028<a href=\"https:\/\/www.bramauer.com\/\" target=\"_blank\" rel=\"noopener\">www.bramauer.com<\/a><\/p>\n<\/div><div class=\"fusion-clearfix\"><\/div><\/div><\/div><\/div><\/div><\/p>\n","protected":false},"excerpt":{"rendered":"","protected":false},"author":1,"featured_media":0,"parent":0,"menu_order":101,"comment_status":"closed","ping_status":"closed","template":"100-width.php","meta":{"footnotes":""},"class_list":["post-2236","page","type-page","status-publish","hentry"],"yoast_head":"<!-- This site is optimized with the Yoast SEO plugin v27.4 - https:\/\/yoast.com\/product\/yoast-seo-wordpress\/ -->\n<title>Legal notice | Glash\u00fctte St\u00f6lzle B\u00e4rnbach<\/title>\n<meta name=\"robots\" content=\"noindex, nofollow\" \/>\n<meta property=\"og:locale\" content=\"en_US\" \/>\n<meta property=\"og:type\" content=\"article\" \/>\n<meta property=\"og:title\" content=\"Legal notice | Glash\u00fctte St\u00f6lzle B\u00e4rnbach\" \/>\n<meta property=\"og:url\" content=\"https:\/\/www.glashuette-bb.at\/en\/legal-notice\/\" \/>\n<meta property=\"og:site_name\" content=\"Stoelzle Bed+Breakfast\" \/>\n<meta property=\"article:modified_time\" content=\"2024-07-26T13:54:13+00:00\" \/>\n<meta name=\"twitter:card\" content=\"summary_large_image\" \/>\n<meta name=\"twitter:label1\" content=\"Est. reading time\" \/>\n\t<meta name=\"twitter:data1\" content=\"2 minutes\" \/>\n<script type=\"application\/ld+json\" class=\"yoast-schema-graph\">{\"@context\":\"https:\\\/\\\/schema.org\",\"@graph\":[{\"@type\":\"WebPage\",\"@id\":\"https:\\\/\\\/www.glashuette-bb.at\\\/en\\\/legal-notice\\\/\",\"url\":\"https:\\\/\\\/www.glashuette-bb.at\\\/en\\\/legal-notice\\\/\",\"name\":\"Legal notice | Glash\u00fctte St\u00f6lzle B\u00e4rnbach\",\"isPartOf\":{\"@id\":\"https:\\\/\\\/www.glashuette-bb.at\\\/#website\"},\"datePublished\":\"2018-09-06T08:32:08+00:00\",\"dateModified\":\"2024-07-26T13:54:13+00:00\",\"breadcrumb\":{\"@id\":\"https:\\\/\\\/www.glashuette-bb.at\\\/en\\\/legal-notice\\\/#breadcrumb\"},\"inLanguage\":\"en-US\",\"potentialAction\":[{\"@type\":\"ReadAction\",\"target\":[\"https:\\\/\\\/www.glashuette-bb.at\\\/en\\\/legal-notice\\\/\"]}]},{\"@type\":\"BreadcrumbList\",\"@id\":\"https:\\\/\\\/www.glashuette-bb.at\\\/en\\\/legal-notice\\\/#breadcrumb\",\"itemListElement\":[{\"@type\":\"ListItem\",\"position\":1,\"name\":\"Startseite\",\"item\":\"https:\\\/\\\/www.glashuette-bb.at\\\/en\\\/\"},{\"@type\":\"ListItem\",\"position\":2,\"name\":\"Legal notice\"}]},{\"@type\":\"WebSite\",\"@id\":\"https:\\\/\\\/www.glashuette-bb.at\\\/#website\",\"url\":\"https:\\\/\\\/www.glashuette-bb.at\\\/\",\"name\":\"Stoelzle Bed+Breakfast\",\"description\":\"Glasklare Tr\u00e4ume\",\"publisher\":{\"@id\":\"https:\\\/\\\/www.glashuette-bb.at\\\/#organization\"},\"potentialAction\":[{\"@type\":\"SearchAction\",\"target\":{\"@type\":\"EntryPoint\",\"urlTemplate\":\"https:\\\/\\\/www.glashuette-bb.at\\\/?s={search_term_string}\"},\"query-input\":{\"@type\":\"PropertyValueSpecification\",\"valueRequired\":true,\"valueName\":\"search_term_string\"}}],\"inLanguage\":\"en-US\"},{\"@type\":\"Organization\",\"@id\":\"https:\\\/\\\/www.glashuette-bb.at\\\/#organization\",\"name\":\"Glash\u00fctte Bed+Breakfast\",\"url\":\"https:\\\/\\\/www.glashuette-bb.at\\\/\",\"logo\":{\"@type\":\"ImageObject\",\"inLanguage\":\"en-US\",\"@id\":\"https:\\\/\\\/www.glashuette-bb.at\\\/#\\\/schema\\\/logo\\\/image\\\/\",\"url\":\"https:\\\/\\\/www.glashuette-bb.at\\\/wp-content\\\/uploads\\\/2018\\\/06\\\/logo_120.png\",\"contentUrl\":\"https:\\\/\\\/www.glashuette-bb.at\\\/wp-content\\\/uploads\\\/2018\\\/06\\\/logo_120.png\",\"width\":120,\"height\":189,\"caption\":\"Glash\u00fctte Bed+Breakfast\"},\"image\":{\"@id\":\"https:\\\/\\\/www.glashuette-bb.at\\\/#\\\/schema\\\/logo\\\/image\\\/\"}}]}<\/script>\n<!-- \/ Yoast SEO plugin. -->","yoast_head_json":{"title":"Legal notice | Glash\u00fctte St\u00f6lzle B\u00e4rnbach","robots":{"index":"noindex","follow":"nofollow"},"og_locale":"en_US","og_type":"article","og_title":"Legal notice | Glash\u00fctte St\u00f6lzle B\u00e4rnbach","og_url":"https:\/\/www.glashuette-bb.at\/en\/legal-notice\/","og_site_name":"Stoelzle Bed+Breakfast","article_modified_time":"2024-07-26T13:54:13+00:00","twitter_card":"summary_large_image","twitter_misc":{"Est. reading time":"2 minutes"},"schema":{"@context":"https:\/\/schema.org","@graph":[{"@type":"WebPage","@id":"https:\/\/www.glashuette-bb.at\/en\/legal-notice\/","url":"https:\/\/www.glashuette-bb.at\/en\/legal-notice\/","name":"Legal notice | Glash\u00fctte St\u00f6lzle B\u00e4rnbach","isPartOf":{"@id":"https:\/\/www.glashuette-bb.at\/#website"},"datePublished":"2018-09-06T08:32:08+00:00","dateModified":"2024-07-26T13:54:13+00:00","breadcrumb":{"@id":"https:\/\/www.glashuette-bb.at\/en\/legal-notice\/#breadcrumb"},"inLanguage":"en-US","potentialAction":[{"@type":"ReadAction","target":["https:\/\/www.glashuette-bb.at\/en\/legal-notice\/"]}]},{"@type":"BreadcrumbList","@id":"https:\/\/www.glashuette-bb.at\/en\/legal-notice\/#breadcrumb","itemListElement":[{"@type":"ListItem","position":1,"name":"Startseite","item":"https:\/\/www.glashuette-bb.at\/en\/"},{"@type":"ListItem","position":2,"name":"Legal notice"}]},{"@type":"WebSite","@id":"https:\/\/www.glashuette-bb.at\/#website","url":"https:\/\/www.glashuette-bb.at\/","name":"Stoelzle Bed+Breakfast","description":"Glasklare Tr\u00e4ume","publisher":{"@id":"https:\/\/www.glashuette-bb.at\/#organization"},"potentialAction":[{"@type":"SearchAction","target":{"@type":"EntryPoint","urlTemplate":"https:\/\/www.glashuette-bb.at\/?s={search_term_string}"},"query-input":{"@type":"PropertyValueSpecification","valueRequired":true,"valueName":"search_term_string"}}],"inLanguage":"en-US"},{"@type":"Organization","@id":"https:\/\/www.glashuette-bb.at\/#organization","name":"Glash\u00fctte Bed+Breakfast","url":"https:\/\/www.glashuette-bb.at\/","logo":{"@type":"ImageObject","inLanguage":"en-US","@id":"https:\/\/www.glashuette-bb.at\/#\/schema\/logo\/image\/","url":"https:\/\/www.glashuette-bb.at\/wp-content\/uploads\/2018\/06\/logo_120.png","contentUrl":"https:\/\/www.glashuette-bb.at\/wp-content\/uploads\/2018\/06\/logo_120.png","width":120,"height":189,"caption":"Glash\u00fctte Bed+Breakfast"},"image":{"@id":"https:\/\/www.glashuette-bb.at\/#\/schema\/logo\/image\/"}}]}},"_links":{"self":[{"href":"https:\/\/www.glashuette-bb.at\/en\/wp-json\/wp\/v2\/pages\/2236","targetHints":{"allow":["GET"]}}],"collection":[{"href":"https:\/\/www.glashuette-bb.at\/en\/wp-json\/wp\/v2\/pages"}],"about":[{"href":"https:\/\/www.glashuette-bb.at\/en\/wp-json\/wp\/v2\/types\/page"}],"author":[{"embeddable":true,"href":"https:\/\/www.glashuette-bb.at\/en\/wp-json\/wp\/v2\/users\/1"}],"replies":[{"embeddable":true,"href":"https:\/\/www.glashuette-bb.at\/en\/wp-json\/wp\/v2\/comments?post=2236"}],"version-history":[{"count":0,"href":"https:\/\/www.glashuette-bb.at\/en\/wp-json\/wp\/v2\/pages\/2236\/revisions"}],"wp:attachment":[{"href":"https:\/\/www.glashuette-bb.at\/en\/wp-json\/wp\/v2\/media?parent=2236"}],"curies":[{"name":"wp","href":"https:\/\/api.w.org\/{rel}","templated":true}]}}